{"id":14,"date":"2024-01-21T16:11:25","date_gmt":"2024-01-21T15:11:25","guid":{"rendered":"https:\/\/heimatmuseum-allendorf.de\/?page_id=14"},"modified":"2024-01-21T16:13:56","modified_gmt":"2024-01-21T15:13:56","slug":"kuenstlerhof-arnold","status":"publish","type":"page","link":"https:\/\/heimatmuseum-allendorf.de\/?page_id=14","title":{"rendered":"K\u00fcnstlerhof Arnold"},"content":{"rendered":"\n<p>Der &#8222;K\u00fcnstlerhof Arnold&#8220; ein lebendiges Denkmal<\/p>\n\n\n\n<p>Einziges Museum in der Region mit Speisekarte.<\/p>\n\n\n\n<p>Der &#8222;K\u00fcnstlerhof Arnold&#8220; ist das ehemalige Wohnhaus und die Arbeitsst\u00e4tte von W.H. Arnold, der hier seit 1925 als freiberuflicher Kunstbildhauer und Maler zahlreiche bedeutende Werke schuf. Der K\u00fcnstlerhof ist eine Einrichtung, die eine gegl\u00fcckte Verbindung zwischen der bildenden Kunst W.H. Arnolds und traditionellem d\u00f6rflichen Handwerke sowie einer gem\u00fctlichen Gastronomie wiederspiegelt.<\/p>\n\n\n\n<p>In dem Wohnhaus und im Atelier sind die Werke des K\u00fcnstlers zu sehen. In den Nebengeb\u00e4uden und der Scheune sind die musterg\u00fcltigen Sammlungen des Heimat- und Verkehrsvereins von Ger\u00e4tschaften des traditionellen Handwerks und der Landwirtschaft ausgestellt. Eine Dorfschmiede, Schusterei, Wagnerei bilden ein lebendiges, heimatkundliches Museum. Wechselnde Kunstausstellungen werden im Obergeschoss gezeigt.<\/p>\n\n\n\n<p>Bei Interesse wenden Sie sich bitte telefonisch<br>an den Heimat- und Verkehrsverein Allendorf (Lumda) e.V.<br>Telefon: 06407 \/ 5267<br>Telefon: 0160 \/ 94 93 95 44<\/p>\n","protected":false},"excerpt":{"rendered":"<p>Der &#8222;K\u00fcnstlerhof Arnold&#8220; ein lebendiges Denkmal Einziges Museum in der Region mit Speisekarte. Der &#8222;K\u00fcnstlerhof Arnold&#8220; ist das ehemalige Wohnhaus und die Arbeitsst\u00e4tte von W.H. Arnold, der hier seit 1925 als freiberuflicher Kunstbildhauer und Maler zahlreiche bedeutende Werke schuf. Der &hellip; <a href=\"https:\/\/heimatmuseum-allendorf.de\/?page_id=14\">Weiterlesen <span class=\"meta-nav\">&rarr;<\/span><\/a><\/p>\n","protected":false},"author":1,"featured_media":0,"parent":0,"menu_order":4,"comment_status":"closed","ping_status":"closed","template":"","meta":{"footnotes":""},"class_list":["post-14","page","type-page","status-publish","hentry"],"_links":{"self":[{"href":"https:\/\/heimatmuseum-allendorf.de\/index.php?rest_route=\/wp\/v2\/pages\/14","targetHints":{"allow":["GET"]}}],"collection":[{"href":"https:\/\/heimatmuseum-allendorf.de\/index.php?rest_route=\/wp\/v2\/pages"}],"about":[{"href":"https:\/\/heimatmuseum-allendorf.de\/index.php?rest_route=\/wp\/v2\/types\/page"}],"author":[{"embeddable":true,"href":"https:\/\/heimatmuseum-allendorf.de\/index.php?rest_route=\/wp\/v2\/users\/1"}],"replies":[{"embeddable":true,"href":"https:\/\/heimatmuseum-allendorf.de\/index.php?rest_route=%2Fwp%2Fv2%2Fcomments&post=14"}],"version-history":[{"count":1,"href":"https:\/\/heimatmuseum-allendorf.de\/index.php?rest_route=\/wp\/v2\/pages\/14\/revisions"}],"predecessor-version":[{"id":15,"href":"https:\/\/heimatmuseum-allendorf.de\/index.php?rest_route=\/wp\/v2\/pages\/14\/revisions\/15"}],"wp:attachment":[{"href":"https:\/\/heimatmuseum-allendorf.de\/index.php?rest_route=%2Fwp%2Fv2%2Fmedia&parent=14"}],"curies":[{"name":"wp","href":"https:\/\/api.w.org\/{rel}","templated":true}]}}